{"id":2471,"date":"2026-05-04T16:15:45","date_gmt":"2026-05-04T14:15:45","guid":{"rendered":"https:\/\/vignoblesjpgarde.wine\/?post_type=product&#038;p=2471"},"modified":"2026-05-05T15:19:28","modified_gmt":"2026-05-05T13:19:28","slug":"vieux-chateau-goujon-2021-2","status":"publish","type":"product","link":"https:\/\/vignoblesjpgarde.wine\/en\/produit\/vieux-chateau-goujon-2021-2\/","title":{"rendered":"Vieux Ch\u00e2teau Goujon 2021"},"content":{"rendered":"","protected":false},"excerpt":{"rendered":"<p>Vieux Ch\u00e2teau Goujon est un vin qui r\u00e9v\u00e8le une belle couleur rubis aux reflets mauves, qui laisse la place \u00e0 d\u2019agr\u00e9ables ar\u00f4mes de fruits rouges, puis \u00e0 une bouche o\u00f9 rondeur, densit\u00e9 et fruit\u00e9 se m\u00ealent dans un bel \u00ab\u00e9quilibre d\u2019ensemble. Un vin de plaisir \u00e0 partager avec ses amis.<\/p>\n","protected":false},"featured_media":1119,"template":"","meta":{"inline_featured_image":false},"product_brand":[],"product_cat":[31,41],"product_tag":[36],"class_list":{"0":"post-2471","1":"product","2":"type-product","3":"status-publish","4":"has-post-thumbnail","6":"product_cat-lalande-de-pomerol","7":"product_cat-promotions","8":"product_tag-vins-de-75cl","10":"first","11":"instock","12":"taxable","13":"shipping-taxable","14":"purchasable","15":"product-type-simple"},"yoast_head":"<!-- This site is optimized with the Yoast SEO plugin v27.5 - https:\/\/yoast.com\/product\/yoast-seo-wordpress\/ -->\n<title>Vieux Ch\u00e2teau Goujon 2021 - Vignobles JP Garde<\/title>\n<meta name=\"robots\" content=\"index, follow, max-snippet:-1, max-image-preview:large, max-video-preview:-1\" \/>\n<link rel=\"canonical\" href=\"https:\/\/vignoblesjpgarde.wine\/en\/produit\/vieux-chateau-goujon-2021-2\/\" \/>\n<meta property=\"og:locale\" content=\"en_US\" \/>\n<meta property=\"og:type\" content=\"article\" \/>\n<meta property=\"og:title\" content=\"Vieux Ch\u00e2teau Goujon 2021 - Vignobles JP Garde\" \/>\n<meta property=\"og:description\" content=\"Vieux Ch\u00e2teau Goujon est un vin qui r\u00e9v\u00e8le une belle couleur rubis aux reflets mauves, qui laisse la place \u00e0 d\u2019agr\u00e9ables ar\u00f4mes de fruits rouges, puis \u00e0 une bouche o\u00f9 rondeur, densit\u00e9 et fruit\u00e9 se m\u00ealent dans un bel \u00ab\u00e9quilibre d\u2019ensemble. Un vin de plaisir \u00e0 partager avec ses amis.\" \/>\n<meta property=\"og:url\" content=\"https:\/\/vignoblesjpgarde.wine\/en\/produit\/vieux-chateau-goujon-2021-2\/\" \/>\n<meta property=\"og:site_name\" content=\"Vignobles JP Garde\" \/>\n<meta property=\"article:modified_time\" content=\"2026-05-05T13:19:28+00:00\" \/>\n<meta property=\"og:image\" content=\"https:\/\/vignoblesjpgarde.wine\/wp-content\/uploads\/2023\/08\/vin-chateau-vieux-goujon-jpgarde.png\" \/>\n\t<meta property=\"og:image:width\" content=\"466\" \/>\n\t<meta property=\"og:image:height\" content=\"700\" \/>\n\t<meta property=\"og:image:type\" content=\"image\/png\" \/>\n<meta name=\"twitter:card\" content=\"summary_large_image\" \/>\n<meta name=\"twitter:label1\" content=\"Est. reading time\" \/>\n\t<meta name=\"twitter:data1\" content=\"1 minute\" \/>\n<script type=\"application\/ld+json\" class=\"yoast-schema-graph\">{\"@context\":\"https:\\\/\\\/schema.org\",\"@graph\":[{\"@type\":\"WebPage\",\"@id\":\"https:\\\/\\\/vignoblesjpgarde.wine\\\/en\\\/produit\\\/vieux-chateau-goujon-2021-2\\\/\",\"url\":\"https:\\\/\\\/vignoblesjpgarde.wine\\\/en\\\/produit\\\/vieux-chateau-goujon-2021-2\\\/\",\"name\":\"Vieux Ch\u00e2teau Goujon 2021 - Vignobles JP Garde\",\"isPartOf\":{\"@id\":\"https:\\\/\\\/vignoblesjpgarde.wine\\\/en\\\/#website\"},\"primaryImageOfPage\":{\"@id\":\"https:\\\/\\\/vignoblesjpgarde.wine\\\/en\\\/produit\\\/vieux-chateau-goujon-2021-2\\\/#primaryimage\"},\"image\":{\"@id\":\"https:\\\/\\\/vignoblesjpgarde.wine\\\/en\\\/produit\\\/vieux-chateau-goujon-2021-2\\\/#primaryimage\"},\"thumbnailUrl\":\"https:\\\/\\\/vignoblesjpgarde.wine\\\/wp-content\\\/uploads\\\/2023\\\/08\\\/vin-chateau-vieux-goujon-jpgarde.png\",\"datePublished\":\"2026-05-04T14:15:45+00:00\",\"dateModified\":\"2026-05-05T13:19:28+00:00\",\"breadcrumb\":{\"@id\":\"https:\\\/\\\/vignoblesjpgarde.wine\\\/en\\\/produit\\\/vieux-chateau-goujon-2021-2\\\/#breadcrumb\"},\"inLanguage\":\"en-US\",\"potentialAction\":[{\"@type\":\"ReadAction\",\"target\":[\"https:\\\/\\\/vignoblesjpgarde.wine\\\/en\\\/produit\\\/vieux-chateau-goujon-2021-2\\\/\"]}]},{\"@type\":\"ImageObject\",\"inLanguage\":\"en-US\",\"@id\":\"https:\\\/\\\/vignoblesjpgarde.wine\\\/en\\\/produit\\\/vieux-chateau-goujon-2021-2\\\/#primaryimage\",\"url\":\"https:\\\/\\\/vignoblesjpgarde.wine\\\/wp-content\\\/uploads\\\/2023\\\/08\\\/vin-chateau-vieux-goujon-jpgarde.png\",\"contentUrl\":\"https:\\\/\\\/vignoblesjpgarde.wine\\\/wp-content\\\/uploads\\\/2023\\\/08\\\/vin-chateau-vieux-goujon-jpgarde.png\",\"width\":466,\"height\":700,\"caption\":\"Vin Ch\u00e2teau Vieux Goujon Vignobles JP Garde\"},{\"@type\":\"BreadcrumbList\",\"@id\":\"https:\\\/\\\/vignoblesjpgarde.wine\\\/en\\\/produit\\\/vieux-chateau-goujon-2021-2\\\/#breadcrumb\",\"itemListElement\":[{\"@type\":\"ListItem\",\"position\":1,\"name\":\"Accueil\",\"item\":\"https:\\\/\\\/vignoblesjpgarde.wine\\\/en\\\/\"},{\"@type\":\"ListItem\",\"position\":2,\"name\":\"Products\",\"item\":\"https:\\\/\\\/vignoblesjpgarde.wine\\\/en\\\/shop\\\/\"},{\"@type\":\"ListItem\",\"position\":3,\"name\":\"Vieux Ch\u00e2teau Goujon 2021\"}]},{\"@type\":\"WebSite\",\"@id\":\"https:\\\/\\\/vignoblesjpgarde.wine\\\/en\\\/#website\",\"url\":\"https:\\\/\\\/vignoblesjpgarde.wine\\\/en\\\/\",\"name\":\"Vignobles JP Garde\",\"description\":\"Vignobles depuis 1866\",\"publisher\":{\"@id\":\"https:\\\/\\\/vignoblesjpgarde.wine\\\/en\\\/#organization\"},\"potentialAction\":[{\"@type\":\"SearchAction\",\"target\":{\"@type\":\"EntryPoint\",\"urlTemplate\":\"https:\\\/\\\/vignoblesjpgarde.wine\\\/en\\\/?s={search_term_string}\"},\"query-input\":{\"@type\":\"PropertyValueSpecification\",\"valueRequired\":true,\"valueName\":\"search_term_string\"}}],\"inLanguage\":\"en-US\"},{\"@type\":\"Organization\",\"@id\":\"https:\\\/\\\/vignoblesjpgarde.wine\\\/en\\\/#organization\",\"name\":\"Vignobles JP Garde\",\"url\":\"https:\\\/\\\/vignoblesjpgarde.wine\\\/en\\\/\",\"logo\":{\"@type\":\"ImageObject\",\"inLanguage\":\"en-US\",\"@id\":\"https:\\\/\\\/vignoblesjpgarde.wine\\\/en\\\/#\\\/schema\\\/logo\\\/image\\\/\",\"url\":\"https:\\\/\\\/vignoblesjpgarde.wine\\\/wp-content\\\/uploads\\\/2023\\\/08\\\/jpgarde-logo-blanc.svg\",\"contentUrl\":\"https:\\\/\\\/vignoblesjpgarde.wine\\\/wp-content\\\/uploads\\\/2023\\\/08\\\/jpgarde-logo-blanc.svg\",\"caption\":\"Vignobles JP Garde\"},\"image\":{\"@id\":\"https:\\\/\\\/vignoblesjpgarde.wine\\\/en\\\/#\\\/schema\\\/logo\\\/image\\\/\"}}]}<\/script>\n<!-- \/ Yoast SEO plugin. -->","yoast_head_json":{"title":"Vieux Ch\u00e2teau Goujon 2021 - Vignobles JP Garde","robots":{"index":"index","follow":"follow","max-snippet":"max-snippet:-1","max-image-preview":"max-image-preview:large","max-video-preview":"max-video-preview:-1"},"canonical":"https:\/\/vignoblesjpgarde.wine\/en\/produit\/vieux-chateau-goujon-2021-2\/","og_locale":"en_US","og_type":"article","og_title":"Vieux Ch\u00e2teau Goujon 2021 - Vignobles JP Garde","og_description":"Vieux Ch\u00e2teau Goujon est un vin qui r\u00e9v\u00e8le une belle couleur rubis aux reflets mauves, qui laisse la place \u00e0 d\u2019agr\u00e9ables ar\u00f4mes de fruits rouges, puis \u00e0 une bouche o\u00f9 rondeur, densit\u00e9 et fruit\u00e9 se m\u00ealent dans un bel \u00ab\u00e9quilibre d\u2019ensemble. Un vin de plaisir \u00e0 partager avec ses amis.","og_url":"https:\/\/vignoblesjpgarde.wine\/en\/produit\/vieux-chateau-goujon-2021-2\/","og_site_name":"Vignobles JP Garde","article_modified_time":"2026-05-05T13:19:28+00:00","og_image":[{"width":466,"height":700,"url":"https:\/\/vignoblesjpgarde.wine\/wp-content\/uploads\/2023\/08\/vin-chateau-vieux-goujon-jpgarde.png","type":"image\/png"}],"twitter_card":"summary_large_image","twitter_misc":{"Est. reading time":"1 minute"},"schema":{"@context":"https:\/\/schema.org","@graph":[{"@type":"WebPage","@id":"https:\/\/vignoblesjpgarde.wine\/en\/produit\/vieux-chateau-goujon-2021-2\/","url":"https:\/\/vignoblesjpgarde.wine\/en\/produit\/vieux-chateau-goujon-2021-2\/","name":"Vieux Ch\u00e2teau Goujon 2021 - Vignobles JP Garde","isPartOf":{"@id":"https:\/\/vignoblesjpgarde.wine\/en\/#website"},"primaryImageOfPage":{"@id":"https:\/\/vignoblesjpgarde.wine\/en\/produit\/vieux-chateau-goujon-2021-2\/#primaryimage"},"image":{"@id":"https:\/\/vignoblesjpgarde.wine\/en\/produit\/vieux-chateau-goujon-2021-2\/#primaryimage"},"thumbnailUrl":"https:\/\/vignoblesjpgarde.wine\/wp-content\/uploads\/2023\/08\/vin-chateau-vieux-goujon-jpgarde.png","datePublished":"2026-05-04T14:15:45+00:00","dateModified":"2026-05-05T13:19:28+00:00","breadcrumb":{"@id":"https:\/\/vignoblesjpgarde.wine\/en\/produit\/vieux-chateau-goujon-2021-2\/#breadcrumb"},"inLanguage":"en-US","potentialAction":[{"@type":"ReadAction","target":["https:\/\/vignoblesjpgarde.wine\/en\/produit\/vieux-chateau-goujon-2021-2\/"]}]},{"@type":"ImageObject","inLanguage":"en-US","@id":"https:\/\/vignoblesjpgarde.wine\/en\/produit\/vieux-chateau-goujon-2021-2\/#primaryimage","url":"https:\/\/vignoblesjpgarde.wine\/wp-content\/uploads\/2023\/08\/vin-chateau-vieux-goujon-jpgarde.png","contentUrl":"https:\/\/vignoblesjpgarde.wine\/wp-content\/uploads\/2023\/08\/vin-chateau-vieux-goujon-jpgarde.png","width":466,"height":700,"caption":"Vin Ch\u00e2teau Vieux Goujon Vignobles JP Garde"},{"@type":"BreadcrumbList","@id":"https:\/\/vignoblesjpgarde.wine\/en\/produit\/vieux-chateau-goujon-2021-2\/#breadcrumb","itemListElement":[{"@type":"ListItem","position":1,"name":"Accueil","item":"https:\/\/vignoblesjpgarde.wine\/en\/"},{"@type":"ListItem","position":2,"name":"Products","item":"https:\/\/vignoblesjpgarde.wine\/en\/shop\/"},{"@type":"ListItem","position":3,"name":"Vieux Ch\u00e2teau Goujon 2021"}]},{"@type":"WebSite","@id":"https:\/\/vignoblesjpgarde.wine\/en\/#website","url":"https:\/\/vignoblesjpgarde.wine\/en\/","name":"Vignobles JP Garde","description":"Vignobles depuis 1866","publisher":{"@id":"https:\/\/vignoblesjpgarde.wine\/en\/#organization"},"potentialAction":[{"@type":"SearchAction","target":{"@type":"EntryPoint","urlTemplate":"https:\/\/vignoblesjpgarde.wine\/en\/?s={search_term_string}"},"query-input":{"@type":"PropertyValueSpecification","valueRequired":true,"valueName":"search_term_string"}}],"inLanguage":"en-US"},{"@type":"Organization","@id":"https:\/\/vignoblesjpgarde.wine\/en\/#organization","name":"Vignobles JP Garde","url":"https:\/\/vignoblesjpgarde.wine\/en\/","logo":{"@type":"ImageObject","inLanguage":"en-US","@id":"https:\/\/vignoblesjpgarde.wine\/en\/#\/schema\/logo\/image\/","url":"https:\/\/vignoblesjpgarde.wine\/wp-content\/uploads\/2023\/08\/jpgarde-logo-blanc.svg","contentUrl":"https:\/\/vignoblesjpgarde.wine\/wp-content\/uploads\/2023\/08\/jpgarde-logo-blanc.svg","caption":"Vignobles JP Garde"},"image":{"@id":"https:\/\/vignoblesjpgarde.wine\/en\/#\/schema\/logo\/image\/"}}]}},"_links":{"self":[{"href":"https:\/\/vignoblesjpgarde.wine\/en\/wp-json\/wp\/v2\/product\/2471","targetHints":{"allow":["GET"]}}],"collection":[{"href":"https:\/\/vignoblesjpgarde.wine\/en\/wp-json\/wp\/v2\/product"}],"about":[{"href":"https:\/\/vignoblesjpgarde.wine\/en\/wp-json\/wp\/v2\/types\/product"}],"wp:featuredmedia":[{"embeddable":true,"href":"https:\/\/vignoblesjpgarde.wine\/en\/wp-json\/wp\/v2\/media\/1119"}],"wp:attachment":[{"href":"https:\/\/vignoblesjpgarde.wine\/en\/wp-json\/wp\/v2\/media?parent=2471"}],"wp:term":[{"taxonomy":"product_brand","embeddable":true,"href":"https:\/\/vignoblesjpgarde.wine\/en\/wp-json\/wp\/v2\/product_brand?post=2471"},{"taxonomy":"product_cat","embeddable":true,"href":"https:\/\/vignoblesjpgarde.wine\/en\/wp-json\/wp\/v2\/product_cat?post=2471"},{"taxonomy":"product_tag","embeddable":true,"href":"https:\/\/vignoblesjpgarde.wine\/en\/wp-json\/wp\/v2\/product_tag?post=2471"}],"curies":[{"name":"wp","href":"https:\/\/api.w.org\/{rel}","templated":true}]}}