{"id":2422,"date":"2025-11-19T11:45:47","date_gmt":"2025-11-19T10:45:47","guid":{"rendered":"https:\/\/vignoblesjpgarde.wine\/?post_type=product&#038;p=2422"},"modified":"2026-04-16T15:11:53","modified_gmt":"2026-04-16T13:11:53","slug":"la-decouverte-des-millesimes","status":"publish","type":"product","link":"https:\/\/vignoblesjpgarde.wine\/en\/produit\/la-decouverte-des-millesimes\/","title":{"rendered":"La D\u00e9couverte des Mill\u00e9simes"},"content":{"rendered":"","protected":false},"excerpt":{"rendered":"<p>Passez sur les chemins de Montagne Saint-\u00e9milion et traversez aussi nos vignes de Lalande de Pomerol sur des parcelles de 40 et 60 ans.<\/p>\n<p>Composition de 6 bouteilles :<\/p>\n<p>2 bt de Vieux Ch\u00e2teau Goujon : 2019 et 2020<br \/>\n2 bt de Domaine du Grand Ormeau : 2019 et 2020<br \/>\n2 bt de Fleur des Ormes \u2013 Vieilles Vignes : 2019 et 2020<\/p>\n<p><strong>Prix TTC : 80 \u20ac \/ caisse<\/strong><\/p>\n","protected":false},"featured_media":2423,"template":"","meta":{"inline_featured_image":false},"product_brand":[],"product_cat":[41],"product_tag":[36],"class_list":{"0":"post-2422","1":"product","2":"type-product","3":"status-publish","4":"has-post-thumbnail","6":"product_cat-promotions","7":"product_tag-vins-de-75cl","9":"first","10":"instock","11":"taxable","12":"shipping-taxable","13":"purchasable","14":"product-type-simple"},"yoast_head":"<!-- This site is optimized with the Yoast SEO plugin v27.3 - https:\/\/yoast.com\/product\/yoast-seo-wordpress\/ -->\n<title>La D\u00e9couverte des Mill\u00e9simes - Vignobles JP Garde<\/title>\n<meta name=\"robots\" content=\"index, follow, max-snippet:-1, max-image-preview:large, max-video-preview:-1\" \/>\n<link rel=\"canonical\" href=\"https:\/\/vignoblesjpgarde.wine\/en\/produit\/la-decouverte-des-millesimes\/\" \/>\n<meta property=\"og:locale\" content=\"en_US\" \/>\n<meta property=\"og:type\" content=\"article\" \/>\n<meta property=\"og:title\" content=\"La D\u00e9couverte des Mill\u00e9simes - Vignobles JP Garde\" \/>\n<meta property=\"og:description\" content=\"Passez sur les chemins de Montagne Saint-\u00e9milion et traversez aussi nos vignes de Lalande de Pomerol sur des parcelles de 40 et 60 ans.  Composition de 6 bouteilles :  2 bt de Vieux Ch\u00e2teau Goujon : 2019 et 2020 2 bt de Domaine du Grand Ormeau : 2019 et 2020 2 bt de Fleur des Ormes \u2013 Vieilles Vignes : 2019 et 2020 Prix TTC : 80 \u20ac \/ caisse\" \/>\n<meta property=\"og:url\" content=\"https:\/\/vignoblesjpgarde.wine\/en\/produit\/la-decouverte-des-millesimes\/\" \/>\n<meta property=\"og:site_name\" content=\"Vignobles JP Garde\" \/>\n<meta property=\"article:modified_time\" content=\"2026-04-16T13:11:53+00:00\" \/>\n<meta property=\"og:image\" content=\"https:\/\/vignoblesjpgarde.wine\/wp-content\/uploads\/2025\/11\/Decouverte-des-Millsimes.jpg\" \/>\n\t<meta property=\"og:image:width\" content=\"278\" \/>\n\t<meta property=\"og:image:height\" content=\"286\" \/>\n\t<meta property=\"og:image:type\" content=\"image\/jpeg\" \/>\n<meta name=\"twitter:card\" content=\"summary_large_image\" \/>\n<meta name=\"twitter:label1\" content=\"Est. reading time\" \/>\n\t<meta name=\"twitter:data1\" content=\"1 minute\" \/>\n<script type=\"application\/ld+json\" class=\"yoast-schema-graph\">{\"@context\":\"https:\\\/\\\/schema.org\",\"@graph\":[{\"@type\":\"WebPage\",\"@id\":\"https:\\\/\\\/vignoblesjpgarde.wine\\\/en\\\/produit\\\/la-decouverte-des-millesimes\\\/\",\"url\":\"https:\\\/\\\/vignoblesjpgarde.wine\\\/en\\\/produit\\\/la-decouverte-des-millesimes\\\/\",\"name\":\"La D\u00e9couverte des Mill\u00e9simes - Vignobles JP Garde\",\"isPartOf\":{\"@id\":\"https:\\\/\\\/vignoblesjpgarde.wine\\\/en\\\/#website\"},\"primaryImageOfPage\":{\"@id\":\"https:\\\/\\\/vignoblesjpgarde.wine\\\/en\\\/produit\\\/la-decouverte-des-millesimes\\\/#primaryimage\"},\"image\":{\"@id\":\"https:\\\/\\\/vignoblesjpgarde.wine\\\/en\\\/produit\\\/la-decouverte-des-millesimes\\\/#primaryimage\"},\"thumbnailUrl\":\"https:\\\/\\\/vignoblesjpgarde.wine\\\/wp-content\\\/uploads\\\/2025\\\/11\\\/Decouverte-des-Millsimes.jpg\",\"datePublished\":\"2025-11-19T10:45:47+00:00\",\"dateModified\":\"2026-04-16T13:11:53+00:00\",\"breadcrumb\":{\"@id\":\"https:\\\/\\\/vignoblesjpgarde.wine\\\/en\\\/produit\\\/la-decouverte-des-millesimes\\\/#breadcrumb\"},\"inLanguage\":\"en-US\",\"potentialAction\":[{\"@type\":\"ReadAction\",\"target\":[\"https:\\\/\\\/vignoblesjpgarde.wine\\\/en\\\/produit\\\/la-decouverte-des-millesimes\\\/\"]}]},{\"@type\":\"ImageObject\",\"inLanguage\":\"en-US\",\"@id\":\"https:\\\/\\\/vignoblesjpgarde.wine\\\/en\\\/produit\\\/la-decouverte-des-millesimes\\\/#primaryimage\",\"url\":\"https:\\\/\\\/vignoblesjpgarde.wine\\\/wp-content\\\/uploads\\\/2025\\\/11\\\/Decouverte-des-Millsimes.jpg\",\"contentUrl\":\"https:\\\/\\\/vignoblesjpgarde.wine\\\/wp-content\\\/uploads\\\/2025\\\/11\\\/Decouverte-des-Millsimes.jpg\",\"width\":278,\"height\":286},{\"@type\":\"BreadcrumbList\",\"@id\":\"https:\\\/\\\/vignoblesjpgarde.wine\\\/en\\\/produit\\\/la-decouverte-des-millesimes\\\/#breadcrumb\",\"itemListElement\":[{\"@type\":\"ListItem\",\"position\":1,\"name\":\"Accueil\",\"item\":\"https:\\\/\\\/vignoblesjpgarde.wine\\\/en\\\/\"},{\"@type\":\"ListItem\",\"position\":2,\"name\":\"Products\",\"item\":\"https:\\\/\\\/vignoblesjpgarde.wine\\\/en\\\/shop\\\/\"},{\"@type\":\"ListItem\",\"position\":3,\"name\":\"La D\u00e9couverte des Mill\u00e9simes\"}]},{\"@type\":\"WebSite\",\"@id\":\"https:\\\/\\\/vignoblesjpgarde.wine\\\/en\\\/#website\",\"url\":\"https:\\\/\\\/vignoblesjpgarde.wine\\\/en\\\/\",\"name\":\"Vignobles JP Garde\",\"description\":\"Vignobles depuis 1866\",\"publisher\":{\"@id\":\"https:\\\/\\\/vignoblesjpgarde.wine\\\/en\\\/#organization\"},\"potentialAction\":[{\"@type\":\"SearchAction\",\"target\":{\"@type\":\"EntryPoint\",\"urlTemplate\":\"https:\\\/\\\/vignoblesjpgarde.wine\\\/en\\\/?s={search_term_string}\"},\"query-input\":{\"@type\":\"PropertyValueSpecification\",\"valueRequired\":true,\"valueName\":\"search_term_string\"}}],\"inLanguage\":\"en-US\"},{\"@type\":\"Organization\",\"@id\":\"https:\\\/\\\/vignoblesjpgarde.wine\\\/en\\\/#organization\",\"name\":\"Vignobles JP Garde\",\"url\":\"https:\\\/\\\/vignoblesjpgarde.wine\\\/en\\\/\",\"logo\":{\"@type\":\"ImageObject\",\"inLanguage\":\"en-US\",\"@id\":\"https:\\\/\\\/vignoblesjpgarde.wine\\\/en\\\/#\\\/schema\\\/logo\\\/image\\\/\",\"url\":\"https:\\\/\\\/vignoblesjpgarde.wine\\\/wp-content\\\/uploads\\\/2023\\\/08\\\/jpgarde-logo-blanc.svg\",\"contentUrl\":\"https:\\\/\\\/vignoblesjpgarde.wine\\\/wp-content\\\/uploads\\\/2023\\\/08\\\/jpgarde-logo-blanc.svg\",\"caption\":\"Vignobles JP Garde\"},\"image\":{\"@id\":\"https:\\\/\\\/vignoblesjpgarde.wine\\\/en\\\/#\\\/schema\\\/logo\\\/image\\\/\"}}]}<\/script>\n<!-- \/ Yoast SEO plugin. -->","yoast_head_json":{"title":"La D\u00e9couverte des Mill\u00e9simes - Vignobles JP Garde","robots":{"index":"index","follow":"follow","max-snippet":"max-snippet:-1","max-image-preview":"max-image-preview:large","max-video-preview":"max-video-preview:-1"},"canonical":"https:\/\/vignoblesjpgarde.wine\/en\/produit\/la-decouverte-des-millesimes\/","og_locale":"en_US","og_type":"article","og_title":"La D\u00e9couverte des Mill\u00e9simes - Vignobles JP Garde","og_description":"Passez sur les chemins de Montagne Saint-\u00e9milion et traversez aussi nos vignes de Lalande de Pomerol sur des parcelles de 40 et 60 ans.  Composition de 6 bouteilles :  2 bt de Vieux Ch\u00e2teau Goujon : 2019 et 2020 2 bt de Domaine du Grand Ormeau : 2019 et 2020 2 bt de Fleur des Ormes \u2013 Vieilles Vignes : 2019 et 2020 Prix TTC : 80 \u20ac \/ caisse","og_url":"https:\/\/vignoblesjpgarde.wine\/en\/produit\/la-decouverte-des-millesimes\/","og_site_name":"Vignobles JP Garde","article_modified_time":"2026-04-16T13:11:53+00:00","og_image":[{"width":278,"height":286,"url":"https:\/\/vignoblesjpgarde.wine\/wp-content\/uploads\/2025\/11\/Decouverte-des-Millsimes.jpg","type":"image\/jpeg"}],"twitter_card":"summary_large_image","twitter_misc":{"Est. reading time":"1 minute"},"schema":{"@context":"https:\/\/schema.org","@graph":[{"@type":"WebPage","@id":"https:\/\/vignoblesjpgarde.wine\/en\/produit\/la-decouverte-des-millesimes\/","url":"https:\/\/vignoblesjpgarde.wine\/en\/produit\/la-decouverte-des-millesimes\/","name":"La D\u00e9couverte des Mill\u00e9simes - Vignobles JP Garde","isPartOf":{"@id":"https:\/\/vignoblesjpgarde.wine\/en\/#website"},"primaryImageOfPage":{"@id":"https:\/\/vignoblesjpgarde.wine\/en\/produit\/la-decouverte-des-millesimes\/#primaryimage"},"image":{"@id":"https:\/\/vignoblesjpgarde.wine\/en\/produit\/la-decouverte-des-millesimes\/#primaryimage"},"thumbnailUrl":"https:\/\/vignoblesjpgarde.wine\/wp-content\/uploads\/2025\/11\/Decouverte-des-Millsimes.jpg","datePublished":"2025-11-19T10:45:47+00:00","dateModified":"2026-04-16T13:11:53+00:00","breadcrumb":{"@id":"https:\/\/vignoblesjpgarde.wine\/en\/produit\/la-decouverte-des-millesimes\/#breadcrumb"},"inLanguage":"en-US","potentialAction":[{"@type":"ReadAction","target":["https:\/\/vignoblesjpgarde.wine\/en\/produit\/la-decouverte-des-millesimes\/"]}]},{"@type":"ImageObject","inLanguage":"en-US","@id":"https:\/\/vignoblesjpgarde.wine\/en\/produit\/la-decouverte-des-millesimes\/#primaryimage","url":"https:\/\/vignoblesjpgarde.wine\/wp-content\/uploads\/2025\/11\/Decouverte-des-Millsimes.jpg","contentUrl":"https:\/\/vignoblesjpgarde.wine\/wp-content\/uploads\/2025\/11\/Decouverte-des-Millsimes.jpg","width":278,"height":286},{"@type":"BreadcrumbList","@id":"https:\/\/vignoblesjpgarde.wine\/en\/produit\/la-decouverte-des-millesimes\/#breadcrumb","itemListElement":[{"@type":"ListItem","position":1,"name":"Accueil","item":"https:\/\/vignoblesjpgarde.wine\/en\/"},{"@type":"ListItem","position":2,"name":"Products","item":"https:\/\/vignoblesjpgarde.wine\/en\/shop\/"},{"@type":"ListItem","position":3,"name":"La D\u00e9couverte des Mill\u00e9simes"}]},{"@type":"WebSite","@id":"https:\/\/vignoblesjpgarde.wine\/en\/#website","url":"https:\/\/vignoblesjpgarde.wine\/en\/","name":"Vignobles JP Garde","description":"Vignobles depuis 1866","publisher":{"@id":"https:\/\/vignoblesjpgarde.wine\/en\/#organization"},"potentialAction":[{"@type":"SearchAction","target":{"@type":"EntryPoint","urlTemplate":"https:\/\/vignoblesjpgarde.wine\/en\/?s={search_term_string}"},"query-input":{"@type":"PropertyValueSpecification","valueRequired":true,"valueName":"search_term_string"}}],"inLanguage":"en-US"},{"@type":"Organization","@id":"https:\/\/vignoblesjpgarde.wine\/en\/#organization","name":"Vignobles JP Garde","url":"https:\/\/vignoblesjpgarde.wine\/en\/","logo":{"@type":"ImageObject","inLanguage":"en-US","@id":"https:\/\/vignoblesjpgarde.wine\/en\/#\/schema\/logo\/image\/","url":"https:\/\/vignoblesjpgarde.wine\/wp-content\/uploads\/2023\/08\/jpgarde-logo-blanc.svg","contentUrl":"https:\/\/vignoblesjpgarde.wine\/wp-content\/uploads\/2023\/08\/jpgarde-logo-blanc.svg","caption":"Vignobles JP Garde"},"image":{"@id":"https:\/\/vignoblesjpgarde.wine\/en\/#\/schema\/logo\/image\/"}}]}},"_links":{"self":[{"href":"https:\/\/vignoblesjpgarde.wine\/en\/wp-json\/wp\/v2\/product\/2422","targetHints":{"allow":["GET"]}}],"collection":[{"href":"https:\/\/vignoblesjpgarde.wine\/en\/wp-json\/wp\/v2\/product"}],"about":[{"href":"https:\/\/vignoblesjpgarde.wine\/en\/wp-json\/wp\/v2\/types\/product"}],"wp:featuredmedia":[{"embeddable":true,"href":"https:\/\/vignoblesjpgarde.wine\/en\/wp-json\/wp\/v2\/media\/2423"}],"wp:attachment":[{"href":"https:\/\/vignoblesjpgarde.wine\/en\/wp-json\/wp\/v2\/media?parent=2422"}],"wp:term":[{"taxonomy":"product_brand","embeddable":true,"href":"https:\/\/vignoblesjpgarde.wine\/en\/wp-json\/wp\/v2\/product_brand?post=2422"},{"taxonomy":"product_cat","embeddable":true,"href":"https:\/\/vignoblesjpgarde.wine\/en\/wp-json\/wp\/v2\/product_cat?post=2422"},{"taxonomy":"product_tag","embeddable":true,"href":"https:\/\/vignoblesjpgarde.wine\/en\/wp-json\/wp\/v2\/product_tag?post=2422"}],"curies":[{"name":"wp","href":"https:\/\/api.w.org\/{rel}","templated":true}]}}