{"id":2419,"date":"2025-11-19T11:05:27","date_gmt":"2025-11-19T10:05:27","guid":{"rendered":"https:\/\/vignoblesjpgarde.wine\/?post_type=product&#038;p=2419"},"modified":"2025-12-15T12:02:10","modified_gmt":"2025-12-15T11:02:10","slug":"verticale-du-chateau-la-truffe","status":"publish","type":"product","link":"https:\/\/vignoblesjpgarde.wine\/en\/produit\/verticale-du-chateau-la-truffe\/","title":{"rendered":"Verticale du Ch\u00e2teau la Truffe"},"content":{"rendered":"","protected":false},"excerpt":{"rendered":"<p>Venez vous balader sur les parcelles du Ch\u00e2teau La Truffe et d\u00e9guster ce vin au travers de 6 mill\u00e9simes.<\/p>\n<p>Composition de 6 bouteilles : <br \/>\n1 bouteille du mill\u00e9sime 2018, 2019, 2020, 2021, 2022 et 2023<\/p>\n<p><strong>Prix TTC : 150 \u20ac \/ caisse<\/strong><\/p>\n","protected":false},"featured_media":2420,"template":"","meta":{"inline_featured_image":false},"product_brand":[],"product_cat":[33,41],"product_tag":[36],"class_list":{"0":"post-2419","1":"product","2":"type-product","3":"status-publish","4":"has-post-thumbnail","6":"product_cat-pomerol","7":"product_cat-promotions","8":"product_tag-vins-de-75cl","10":"first","11":"instock","12":"taxable","13":"shipping-taxable","14":"purchasable","15":"product-type-simple"},"yoast_head":"<!-- This site is optimized with the Yoast SEO plugin v27.3 - https:\/\/yoast.com\/product\/yoast-seo-wordpress\/ -->\n<title>Verticale du Ch\u00e2teau la Truffe - Vignobles JP Garde<\/title>\n<meta name=\"robots\" content=\"index, follow, max-snippet:-1, max-image-preview:large, max-video-preview:-1\" \/>\n<link rel=\"canonical\" href=\"https:\/\/vignoblesjpgarde.wine\/en\/produit\/verticale-du-chateau-la-truffe\/\" \/>\n<meta property=\"og:locale\" content=\"en_US\" \/>\n<meta property=\"og:type\" content=\"article\" \/>\n<meta property=\"og:title\" content=\"Verticale du Ch\u00e2teau la Truffe - Vignobles JP Garde\" \/>\n<meta property=\"og:description\" content=\"Venez vous balader sur les parcelles du Ch\u00e2teau La Truffe et d\u00e9guster ce vin au travers de 6 mill\u00e9simes.  Composition de 6 bouteilles :  1 bouteille du mill\u00e9sime 2018, 2019, 2020, 2021, 2022 et 2023  Prix TTC : 150 \u20ac \/ caisse\" \/>\n<meta property=\"og:url\" content=\"https:\/\/vignoblesjpgarde.wine\/en\/produit\/verticale-du-chateau-la-truffe\/\" \/>\n<meta property=\"og:site_name\" content=\"Vignobles JP Garde\" \/>\n<meta property=\"article:modified_time\" content=\"2025-12-15T11:02:10+00:00\" \/>\n<meta property=\"og:image\" content=\"https:\/\/vignoblesjpgarde.wine\/wp-content\/uploads\/2025\/11\/verticale-du-Chateau-la-Truffe.jpg\" \/>\n\t<meta property=\"og:image:width\" content=\"278\" \/>\n\t<meta property=\"og:image:height\" content=\"260\" \/>\n\t<meta property=\"og:image:type\" content=\"image\/jpeg\" \/>\n<meta name=\"twitter:card\" content=\"summary_large_image\" \/>\n<meta name=\"twitter:label1\" content=\"Est. reading time\" \/>\n\t<meta name=\"twitter:data1\" content=\"1 minute\" \/>\n<script type=\"application\/ld+json\" class=\"yoast-schema-graph\">{\"@context\":\"https:\\\/\\\/schema.org\",\"@graph\":[{\"@type\":\"WebPage\",\"@id\":\"https:\\\/\\\/vignoblesjpgarde.wine\\\/en\\\/produit\\\/verticale-du-chateau-la-truffe\\\/\",\"url\":\"https:\\\/\\\/vignoblesjpgarde.wine\\\/en\\\/produit\\\/verticale-du-chateau-la-truffe\\\/\",\"name\":\"Verticale du Ch\u00e2teau la Truffe - Vignobles JP Garde\",\"isPartOf\":{\"@id\":\"https:\\\/\\\/vignoblesjpgarde.wine\\\/en\\\/#website\"},\"primaryImageOfPage\":{\"@id\":\"https:\\\/\\\/vignoblesjpgarde.wine\\\/en\\\/produit\\\/verticale-du-chateau-la-truffe\\\/#primaryimage\"},\"image\":{\"@id\":\"https:\\\/\\\/vignoblesjpgarde.wine\\\/en\\\/produit\\\/verticale-du-chateau-la-truffe\\\/#primaryimage\"},\"thumbnailUrl\":\"https:\\\/\\\/vignoblesjpgarde.wine\\\/wp-content\\\/uploads\\\/2025\\\/11\\\/verticale-du-Chateau-la-Truffe.jpg\",\"datePublished\":\"2025-11-19T10:05:27+00:00\",\"dateModified\":\"2025-12-15T11:02:10+00:00\",\"breadcrumb\":{\"@id\":\"https:\\\/\\\/vignoblesjpgarde.wine\\\/en\\\/produit\\\/verticale-du-chateau-la-truffe\\\/#breadcrumb\"},\"inLanguage\":\"en-US\",\"potentialAction\":[{\"@type\":\"ReadAction\",\"target\":[\"https:\\\/\\\/vignoblesjpgarde.wine\\\/en\\\/produit\\\/verticale-du-chateau-la-truffe\\\/\"]}]},{\"@type\":\"ImageObject\",\"inLanguage\":\"en-US\",\"@id\":\"https:\\\/\\\/vignoblesjpgarde.wine\\\/en\\\/produit\\\/verticale-du-chateau-la-truffe\\\/#primaryimage\",\"url\":\"https:\\\/\\\/vignoblesjpgarde.wine\\\/wp-content\\\/uploads\\\/2025\\\/11\\\/verticale-du-Chateau-la-Truffe.jpg\",\"contentUrl\":\"https:\\\/\\\/vignoblesjpgarde.wine\\\/wp-content\\\/uploads\\\/2025\\\/11\\\/verticale-du-Chateau-la-Truffe.jpg\",\"width\":278,\"height\":260},{\"@type\":\"BreadcrumbList\",\"@id\":\"https:\\\/\\\/vignoblesjpgarde.wine\\\/en\\\/produit\\\/verticale-du-chateau-la-truffe\\\/#breadcrumb\",\"itemListElement\":[{\"@type\":\"ListItem\",\"position\":1,\"name\":\"Accueil\",\"item\":\"https:\\\/\\\/vignoblesjpgarde.wine\\\/en\\\/\"},{\"@type\":\"ListItem\",\"position\":2,\"name\":\"Products\",\"item\":\"https:\\\/\\\/vignoblesjpgarde.wine\\\/en\\\/shop\\\/\"},{\"@type\":\"ListItem\",\"position\":3,\"name\":\"Verticale du Ch\u00e2teau la Truffe\"}]},{\"@type\":\"WebSite\",\"@id\":\"https:\\\/\\\/vignoblesjpgarde.wine\\\/en\\\/#website\",\"url\":\"https:\\\/\\\/vignoblesjpgarde.wine\\\/en\\\/\",\"name\":\"Vignobles JP Garde\",\"description\":\"Vignobles depuis 1866\",\"publisher\":{\"@id\":\"https:\\\/\\\/vignoblesjpgarde.wine\\\/en\\\/#organization\"},\"potentialAction\":[{\"@type\":\"SearchAction\",\"target\":{\"@type\":\"EntryPoint\",\"urlTemplate\":\"https:\\\/\\\/vignoblesjpgarde.wine\\\/en\\\/?s={search_term_string}\"},\"query-input\":{\"@type\":\"PropertyValueSpecification\",\"valueRequired\":true,\"valueName\":\"search_term_string\"}}],\"inLanguage\":\"en-US\"},{\"@type\":\"Organization\",\"@id\":\"https:\\\/\\\/vignoblesjpgarde.wine\\\/en\\\/#organization\",\"name\":\"Vignobles JP Garde\",\"url\":\"https:\\\/\\\/vignoblesjpgarde.wine\\\/en\\\/\",\"logo\":{\"@type\":\"ImageObject\",\"inLanguage\":\"en-US\",\"@id\":\"https:\\\/\\\/vignoblesjpgarde.wine\\\/en\\\/#\\\/schema\\\/logo\\\/image\\\/\",\"url\":\"https:\\\/\\\/vignoblesjpgarde.wine\\\/wp-content\\\/uploads\\\/2023\\\/08\\\/jpgarde-logo-blanc.svg\",\"contentUrl\":\"https:\\\/\\\/vignoblesjpgarde.wine\\\/wp-content\\\/uploads\\\/2023\\\/08\\\/jpgarde-logo-blanc.svg\",\"caption\":\"Vignobles JP Garde\"},\"image\":{\"@id\":\"https:\\\/\\\/vignoblesjpgarde.wine\\\/en\\\/#\\\/schema\\\/logo\\\/image\\\/\"}}]}<\/script>\n<!-- \/ Yoast SEO plugin. -->","yoast_head_json":{"title":"Verticale du Ch\u00e2teau la Truffe - Vignobles JP Garde","robots":{"index":"index","follow":"follow","max-snippet":"max-snippet:-1","max-image-preview":"max-image-preview:large","max-video-preview":"max-video-preview:-1"},"canonical":"https:\/\/vignoblesjpgarde.wine\/en\/produit\/verticale-du-chateau-la-truffe\/","og_locale":"en_US","og_type":"article","og_title":"Verticale du Ch\u00e2teau la Truffe - Vignobles JP Garde","og_description":"Venez vous balader sur les parcelles du Ch\u00e2teau La Truffe et d\u00e9guster ce vin au travers de 6 mill\u00e9simes.  Composition de 6 bouteilles :  1 bouteille du mill\u00e9sime 2018, 2019, 2020, 2021, 2022 et 2023  Prix TTC : 150 \u20ac \/ caisse","og_url":"https:\/\/vignoblesjpgarde.wine\/en\/produit\/verticale-du-chateau-la-truffe\/","og_site_name":"Vignobles JP Garde","article_modified_time":"2025-12-15T11:02:10+00:00","og_image":[{"width":278,"height":260,"url":"https:\/\/vignoblesjpgarde.wine\/wp-content\/uploads\/2025\/11\/verticale-du-Chateau-la-Truffe.jpg","type":"image\/jpeg"}],"twitter_card":"summary_large_image","twitter_misc":{"Est. reading time":"1 minute"},"schema":{"@context":"https:\/\/schema.org","@graph":[{"@type":"WebPage","@id":"https:\/\/vignoblesjpgarde.wine\/en\/produit\/verticale-du-chateau-la-truffe\/","url":"https:\/\/vignoblesjpgarde.wine\/en\/produit\/verticale-du-chateau-la-truffe\/","name":"Verticale du Ch\u00e2teau la Truffe - Vignobles JP Garde","isPartOf":{"@id":"https:\/\/vignoblesjpgarde.wine\/en\/#website"},"primaryImageOfPage":{"@id":"https:\/\/vignoblesjpgarde.wine\/en\/produit\/verticale-du-chateau-la-truffe\/#primaryimage"},"image":{"@id":"https:\/\/vignoblesjpgarde.wine\/en\/produit\/verticale-du-chateau-la-truffe\/#primaryimage"},"thumbnailUrl":"https:\/\/vignoblesjpgarde.wine\/wp-content\/uploads\/2025\/11\/verticale-du-Chateau-la-Truffe.jpg","datePublished":"2025-11-19T10:05:27+00:00","dateModified":"2025-12-15T11:02:10+00:00","breadcrumb":{"@id":"https:\/\/vignoblesjpgarde.wine\/en\/produit\/verticale-du-chateau-la-truffe\/#breadcrumb"},"inLanguage":"en-US","potentialAction":[{"@type":"ReadAction","target":["https:\/\/vignoblesjpgarde.wine\/en\/produit\/verticale-du-chateau-la-truffe\/"]}]},{"@type":"ImageObject","inLanguage":"en-US","@id":"https:\/\/vignoblesjpgarde.wine\/en\/produit\/verticale-du-chateau-la-truffe\/#primaryimage","url":"https:\/\/vignoblesjpgarde.wine\/wp-content\/uploads\/2025\/11\/verticale-du-Chateau-la-Truffe.jpg","contentUrl":"https:\/\/vignoblesjpgarde.wine\/wp-content\/uploads\/2025\/11\/verticale-du-Chateau-la-Truffe.jpg","width":278,"height":260},{"@type":"BreadcrumbList","@id":"https:\/\/vignoblesjpgarde.wine\/en\/produit\/verticale-du-chateau-la-truffe\/#breadcrumb","itemListElement":[{"@type":"ListItem","position":1,"name":"Accueil","item":"https:\/\/vignoblesjpgarde.wine\/en\/"},{"@type":"ListItem","position":2,"name":"Products","item":"https:\/\/vignoblesjpgarde.wine\/en\/shop\/"},{"@type":"ListItem","position":3,"name":"Verticale du Ch\u00e2teau la Truffe"}]},{"@type":"WebSite","@id":"https:\/\/vignoblesjpgarde.wine\/en\/#website","url":"https:\/\/vignoblesjpgarde.wine\/en\/","name":"Vignobles JP Garde","description":"Vignobles depuis 1866","publisher":{"@id":"https:\/\/vignoblesjpgarde.wine\/en\/#organization"},"potentialAction":[{"@type":"SearchAction","target":{"@type":"EntryPoint","urlTemplate":"https:\/\/vignoblesjpgarde.wine\/en\/?s={search_term_string}"},"query-input":{"@type":"PropertyValueSpecification","valueRequired":true,"valueName":"search_term_string"}}],"inLanguage":"en-US"},{"@type":"Organization","@id":"https:\/\/vignoblesjpgarde.wine\/en\/#organization","name":"Vignobles JP Garde","url":"https:\/\/vignoblesjpgarde.wine\/en\/","logo":{"@type":"ImageObject","inLanguage":"en-US","@id":"https:\/\/vignoblesjpgarde.wine\/en\/#\/schema\/logo\/image\/","url":"https:\/\/vignoblesjpgarde.wine\/wp-content\/uploads\/2023\/08\/jpgarde-logo-blanc.svg","contentUrl":"https:\/\/vignoblesjpgarde.wine\/wp-content\/uploads\/2023\/08\/jpgarde-logo-blanc.svg","caption":"Vignobles JP Garde"},"image":{"@id":"https:\/\/vignoblesjpgarde.wine\/en\/#\/schema\/logo\/image\/"}}]}},"_links":{"self":[{"href":"https:\/\/vignoblesjpgarde.wine\/en\/wp-json\/wp\/v2\/product\/2419","targetHints":{"allow":["GET"]}}],"collection":[{"href":"https:\/\/vignoblesjpgarde.wine\/en\/wp-json\/wp\/v2\/product"}],"about":[{"href":"https:\/\/vignoblesjpgarde.wine\/en\/wp-json\/wp\/v2\/types\/product"}],"wp:featuredmedia":[{"embeddable":true,"href":"https:\/\/vignoblesjpgarde.wine\/en\/wp-json\/wp\/v2\/media\/2420"}],"wp:attachment":[{"href":"https:\/\/vignoblesjpgarde.wine\/en\/wp-json\/wp\/v2\/media?parent=2419"}],"wp:term":[{"taxonomy":"product_brand","embeddable":true,"href":"https:\/\/vignoblesjpgarde.wine\/en\/wp-json\/wp\/v2\/product_brand?post=2419"},{"taxonomy":"product_cat","embeddable":true,"href":"https:\/\/vignoblesjpgarde.wine\/en\/wp-json\/wp\/v2\/product_cat?post=2419"},{"taxonomy":"product_tag","embeddable":true,"href":"https:\/\/vignoblesjpgarde.wine\/en\/wp-json\/wp\/v2\/product_tag?post=2419"}],"curies":[{"name":"wp","href":"https:\/\/api.w.org\/{rel}","templated":true}]}}