{"id":1687,"date":"2024-04-15T09:40:33","date_gmt":"2024-04-15T07:40:33","guid":{"rendered":"https:\/\/vignoblesjpgarde.wine\/?post_type=product&#038;p=1687"},"modified":"2026-02-02T14:38:12","modified_gmt":"2026-02-02T13:38:12","slug":"domaine-du-grand-ormeau-cuvee-de-printemps-2023","status":"publish","type":"product","link":"https:\/\/vignoblesjpgarde.wine\/en\/produit\/domaine-du-grand-ormeau-cuvee-de-printemps-2023\/","title":{"rendered":"Domaine du Grand Ormeau &#8211; Cuv\u00e9e de Printemps 2023"},"content":{"rendered":"","protected":false},"excerpt":{"rendered":"<p>La Cuv\u00e9e de Printemps est un vin ax\u00e9 sur la puret\u00e9 du fruit, dans toute son authenticit\u00e9, sans \u00e9levage en barriques.<\/p>\n<p>Sa belle robe pourpre \u00e0 la frange mauve exhale des parfums floraux et fruit\u00e9s. Des ar\u00f4mes de framboise et cerise s\u00e9duisent par leur subtil \u00e9quilibre entre douceur et fraicheur.<\/p>\n<p>Un vin agr\u00e9able comme un printemps ensoleill\u00e9 \u00e0 partager entre amis autour de repas simples et conviviaux.<\/p>\n","protected":false},"featured_media":1825,"template":"","meta":{"inline_featured_image":false},"product_brand":[],"product_cat":[31,41],"product_tag":[36],"class_list":{"0":"post-1687","1":"product","2":"type-product","3":"status-publish","4":"has-post-thumbnail","6":"product_cat-lalande-de-pomerol","7":"product_cat-promotions","8":"product_tag-vins-de-75cl","10":"first","11":"instock","12":"taxable","13":"shipping-taxable","14":"purchasable","15":"product-type-simple"},"yoast_head":"<!-- This site is optimized with the Yoast SEO plugin v27.3 - https:\/\/yoast.com\/product\/yoast-seo-wordpress\/ -->\n<title>Domaine du Grand Ormeau - Cuv\u00e9e de Printemps 2023 - Vignobles JP Garde<\/title>\n<meta name=\"robots\" content=\"index, follow, max-snippet:-1, max-image-preview:large, max-video-preview:-1\" \/>\n<link rel=\"canonical\" href=\"https:\/\/vignoblesjpgarde.wine\/en\/produit\/domaine-du-grand-ormeau-cuvee-de-printemps-2023\/\" \/>\n<meta property=\"og:locale\" content=\"en_US\" \/>\n<meta property=\"og:type\" content=\"article\" \/>\n<meta property=\"og:title\" content=\"Domaine du Grand Ormeau - Cuv\u00e9e de Printemps 2023 - Vignobles JP Garde\" \/>\n<meta property=\"og:description\" content=\"La Cuv\u00e9e de Printemps est un vin ax\u00e9 sur la puret\u00e9 du fruit, dans toute son authenticit\u00e9, sans \u00e9levage en barriques.  Sa belle robe pourpre \u00e0 la frange mauve exhale des parfums floraux et fruit\u00e9s. Des ar\u00f4mes de framboise et cerise s\u00e9duisent par leur subtil \u00e9quilibre entre douceur et fraicheur.  Un vin agr\u00e9able comme un printemps ensoleill\u00e9 \u00e0 partager entre amis autour de repas simples et conviviaux.\" \/>\n<meta property=\"og:url\" content=\"https:\/\/vignoblesjpgarde.wine\/en\/produit\/domaine-du-grand-ormeau-cuvee-de-printemps-2023\/\" \/>\n<meta property=\"og:site_name\" content=\"Vignobles JP Garde\" \/>\n<meta property=\"article:modified_time\" content=\"2026-02-02T13:38:12+00:00\" \/>\n<meta property=\"og:image\" content=\"https:\/\/vignoblesjpgarde.wine\/wp-content\/uploads\/2024\/04\/123-618x1024.png\" \/>\n\t<meta property=\"og:image:width\" content=\"618\" \/>\n\t<meta property=\"og:image:height\" content=\"1024\" \/>\n\t<meta property=\"og:image:type\" content=\"image\/png\" \/>\n<meta name=\"twitter:card\" content=\"summary_large_image\" \/>\n<meta name=\"twitter:label1\" content=\"Est. reading time\" \/>\n\t<meta name=\"twitter:data1\" content=\"1 minute\" \/>\n<script type=\"application\/ld+json\" class=\"yoast-schema-graph\">{\"@context\":\"https:\\\/\\\/schema.org\",\"@graph\":[{\"@type\":\"WebPage\",\"@id\":\"https:\\\/\\\/vignoblesjpgarde.wine\\\/en\\\/produit\\\/domaine-du-grand-ormeau-cuvee-de-printemps-2023\\\/\",\"url\":\"https:\\\/\\\/vignoblesjpgarde.wine\\\/en\\\/produit\\\/domaine-du-grand-ormeau-cuvee-de-printemps-2023\\\/\",\"name\":\"Domaine du Grand Ormeau - Cuv\u00e9e de Printemps 2023 - Vignobles JP Garde\",\"isPartOf\":{\"@id\":\"https:\\\/\\\/vignoblesjpgarde.wine\\\/en\\\/#website\"},\"primaryImageOfPage\":{\"@id\":\"https:\\\/\\\/vignoblesjpgarde.wine\\\/en\\\/produit\\\/domaine-du-grand-ormeau-cuvee-de-printemps-2023\\\/#primaryimage\"},\"image\":{\"@id\":\"https:\\\/\\\/vignoblesjpgarde.wine\\\/en\\\/produit\\\/domaine-du-grand-ormeau-cuvee-de-printemps-2023\\\/#primaryimage\"},\"thumbnailUrl\":\"https:\\\/\\\/vignoblesjpgarde.wine\\\/wp-content\\\/uploads\\\/2024\\\/04\\\/123.png\",\"datePublished\":\"2024-04-15T07:40:33+00:00\",\"dateModified\":\"2026-02-02T13:38:12+00:00\",\"breadcrumb\":{\"@id\":\"https:\\\/\\\/vignoblesjpgarde.wine\\\/en\\\/produit\\\/domaine-du-grand-ormeau-cuvee-de-printemps-2023\\\/#breadcrumb\"},\"inLanguage\":\"en-US\",\"potentialAction\":[{\"@type\":\"ReadAction\",\"target\":[\"https:\\\/\\\/vignoblesjpgarde.wine\\\/en\\\/produit\\\/domaine-du-grand-ormeau-cuvee-de-printemps-2023\\\/\"]}]},{\"@type\":\"ImageObject\",\"inLanguage\":\"en-US\",\"@id\":\"https:\\\/\\\/vignoblesjpgarde.wine\\\/en\\\/produit\\\/domaine-du-grand-ormeau-cuvee-de-printemps-2023\\\/#primaryimage\",\"url\":\"https:\\\/\\\/vignoblesjpgarde.wine\\\/wp-content\\\/uploads\\\/2024\\\/04\\\/123.png\",\"contentUrl\":\"https:\\\/\\\/vignoblesjpgarde.wine\\\/wp-content\\\/uploads\\\/2024\\\/04\\\/123.png\",\"width\":2456,\"height\":4070},{\"@type\":\"BreadcrumbList\",\"@id\":\"https:\\\/\\\/vignoblesjpgarde.wine\\\/en\\\/produit\\\/domaine-du-grand-ormeau-cuvee-de-printemps-2023\\\/#breadcrumb\",\"itemListElement\":[{\"@type\":\"ListItem\",\"position\":1,\"name\":\"Accueil\",\"item\":\"https:\\\/\\\/vignoblesjpgarde.wine\\\/en\\\/\"},{\"@type\":\"ListItem\",\"position\":2,\"name\":\"Products\",\"item\":\"https:\\\/\\\/vignoblesjpgarde.wine\\\/en\\\/shop\\\/\"},{\"@type\":\"ListItem\",\"position\":3,\"name\":\"Domaine du Grand Ormeau &#8211; Cuv\u00e9e de Printemps 2023\"}]},{\"@type\":\"WebSite\",\"@id\":\"https:\\\/\\\/vignoblesjpgarde.wine\\\/en\\\/#website\",\"url\":\"https:\\\/\\\/vignoblesjpgarde.wine\\\/en\\\/\",\"name\":\"Vignobles JP Garde\",\"description\":\"Vignobles depuis 1866\",\"publisher\":{\"@id\":\"https:\\\/\\\/vignoblesjpgarde.wine\\\/en\\\/#organization\"},\"potentialAction\":[{\"@type\":\"SearchAction\",\"target\":{\"@type\":\"EntryPoint\",\"urlTemplate\":\"https:\\\/\\\/vignoblesjpgarde.wine\\\/en\\\/?s={search_term_string}\"},\"query-input\":{\"@type\":\"PropertyValueSpecification\",\"valueRequired\":true,\"valueName\":\"search_term_string\"}}],\"inLanguage\":\"en-US\"},{\"@type\":\"Organization\",\"@id\":\"https:\\\/\\\/vignoblesjpgarde.wine\\\/en\\\/#organization\",\"name\":\"Vignobles JP Garde\",\"url\":\"https:\\\/\\\/vignoblesjpgarde.wine\\\/en\\\/\",\"logo\":{\"@type\":\"ImageObject\",\"inLanguage\":\"en-US\",\"@id\":\"https:\\\/\\\/vignoblesjpgarde.wine\\\/en\\\/#\\\/schema\\\/logo\\\/image\\\/\",\"url\":\"https:\\\/\\\/vignoblesjpgarde.wine\\\/wp-content\\\/uploads\\\/2023\\\/08\\\/jpgarde-logo-blanc.svg\",\"contentUrl\":\"https:\\\/\\\/vignoblesjpgarde.wine\\\/wp-content\\\/uploads\\\/2023\\\/08\\\/jpgarde-logo-blanc.svg\",\"caption\":\"Vignobles JP Garde\"},\"image\":{\"@id\":\"https:\\\/\\\/vignoblesjpgarde.wine\\\/en\\\/#\\\/schema\\\/logo\\\/image\\\/\"}}]}<\/script>\n<!-- \/ Yoast SEO plugin. -->","yoast_head_json":{"title":"Domaine du Grand Ormeau - Cuv\u00e9e de Printemps 2023 - Vignobles JP Garde","robots":{"index":"index","follow":"follow","max-snippet":"max-snippet:-1","max-image-preview":"max-image-preview:large","max-video-preview":"max-video-preview:-1"},"canonical":"https:\/\/vignoblesjpgarde.wine\/en\/produit\/domaine-du-grand-ormeau-cuvee-de-printemps-2023\/","og_locale":"en_US","og_type":"article","og_title":"Domaine du Grand Ormeau - Cuv\u00e9e de Printemps 2023 - Vignobles JP Garde","og_description":"La Cuv\u00e9e de Printemps est un vin ax\u00e9 sur la puret\u00e9 du fruit, dans toute son authenticit\u00e9, sans \u00e9levage en barriques.  Sa belle robe pourpre \u00e0 la frange mauve exhale des parfums floraux et fruit\u00e9s. Des ar\u00f4mes de framboise et cerise s\u00e9duisent par leur subtil \u00e9quilibre entre douceur et fraicheur.  Un vin agr\u00e9able comme un printemps ensoleill\u00e9 \u00e0 partager entre amis autour de repas simples et conviviaux.","og_url":"https:\/\/vignoblesjpgarde.wine\/en\/produit\/domaine-du-grand-ormeau-cuvee-de-printemps-2023\/","og_site_name":"Vignobles JP Garde","article_modified_time":"2026-02-02T13:38:12+00:00","og_image":[{"width":618,"height":1024,"url":"https:\/\/vignoblesjpgarde.wine\/wp-content\/uploads\/2024\/04\/123-618x1024.png","type":"image\/png"}],"twitter_card":"summary_large_image","twitter_misc":{"Est. reading time":"1 minute"},"schema":{"@context":"https:\/\/schema.org","@graph":[{"@type":"WebPage","@id":"https:\/\/vignoblesjpgarde.wine\/en\/produit\/domaine-du-grand-ormeau-cuvee-de-printemps-2023\/","url":"https:\/\/vignoblesjpgarde.wine\/en\/produit\/domaine-du-grand-ormeau-cuvee-de-printemps-2023\/","name":"Domaine du Grand Ormeau - Cuv\u00e9e de Printemps 2023 - Vignobles JP Garde","isPartOf":{"@id":"https:\/\/vignoblesjpgarde.wine\/en\/#website"},"primaryImageOfPage":{"@id":"https:\/\/vignoblesjpgarde.wine\/en\/produit\/domaine-du-grand-ormeau-cuvee-de-printemps-2023\/#primaryimage"},"image":{"@id":"https:\/\/vignoblesjpgarde.wine\/en\/produit\/domaine-du-grand-ormeau-cuvee-de-printemps-2023\/#primaryimage"},"thumbnailUrl":"https:\/\/vignoblesjpgarde.wine\/wp-content\/uploads\/2024\/04\/123.png","datePublished":"2024-04-15T07:40:33+00:00","dateModified":"2026-02-02T13:38:12+00:00","breadcrumb":{"@id":"https:\/\/vignoblesjpgarde.wine\/en\/produit\/domaine-du-grand-ormeau-cuvee-de-printemps-2023\/#breadcrumb"},"inLanguage":"en-US","potentialAction":[{"@type":"ReadAction","target":["https:\/\/vignoblesjpgarde.wine\/en\/produit\/domaine-du-grand-ormeau-cuvee-de-printemps-2023\/"]}]},{"@type":"ImageObject","inLanguage":"en-US","@id":"https:\/\/vignoblesjpgarde.wine\/en\/produit\/domaine-du-grand-ormeau-cuvee-de-printemps-2023\/#primaryimage","url":"https:\/\/vignoblesjpgarde.wine\/wp-content\/uploads\/2024\/04\/123.png","contentUrl":"https:\/\/vignoblesjpgarde.wine\/wp-content\/uploads\/2024\/04\/123.png","width":2456,"height":4070},{"@type":"BreadcrumbList","@id":"https:\/\/vignoblesjpgarde.wine\/en\/produit\/domaine-du-grand-ormeau-cuvee-de-printemps-2023\/#breadcrumb","itemListElement":[{"@type":"ListItem","position":1,"name":"Accueil","item":"https:\/\/vignoblesjpgarde.wine\/en\/"},{"@type":"ListItem","position":2,"name":"Products","item":"https:\/\/vignoblesjpgarde.wine\/en\/shop\/"},{"@type":"ListItem","position":3,"name":"Domaine du Grand Ormeau &#8211; Cuv\u00e9e de Printemps 2023"}]},{"@type":"WebSite","@id":"https:\/\/vignoblesjpgarde.wine\/en\/#website","url":"https:\/\/vignoblesjpgarde.wine\/en\/","name":"Vignobles JP Garde","description":"Vignobles depuis 1866","publisher":{"@id":"https:\/\/vignoblesjpgarde.wine\/en\/#organization"},"potentialAction":[{"@type":"SearchAction","target":{"@type":"EntryPoint","urlTemplate":"https:\/\/vignoblesjpgarde.wine\/en\/?s={search_term_string}"},"query-input":{"@type":"PropertyValueSpecification","valueRequired":true,"valueName":"search_term_string"}}],"inLanguage":"en-US"},{"@type":"Organization","@id":"https:\/\/vignoblesjpgarde.wine\/en\/#organization","name":"Vignobles JP Garde","url":"https:\/\/vignoblesjpgarde.wine\/en\/","logo":{"@type":"ImageObject","inLanguage":"en-US","@id":"https:\/\/vignoblesjpgarde.wine\/en\/#\/schema\/logo\/image\/","url":"https:\/\/vignoblesjpgarde.wine\/wp-content\/uploads\/2023\/08\/jpgarde-logo-blanc.svg","contentUrl":"https:\/\/vignoblesjpgarde.wine\/wp-content\/uploads\/2023\/08\/jpgarde-logo-blanc.svg","caption":"Vignobles JP Garde"},"image":{"@id":"https:\/\/vignoblesjpgarde.wine\/en\/#\/schema\/logo\/image\/"}}]}},"_links":{"self":[{"href":"https:\/\/vignoblesjpgarde.wine\/en\/wp-json\/wp\/v2\/product\/1687","targetHints":{"allow":["GET"]}}],"collection":[{"href":"https:\/\/vignoblesjpgarde.wine\/en\/wp-json\/wp\/v2\/product"}],"about":[{"href":"https:\/\/vignoblesjpgarde.wine\/en\/wp-json\/wp\/v2\/types\/product"}],"wp:featuredmedia":[{"embeddable":true,"href":"https:\/\/vignoblesjpgarde.wine\/en\/wp-json\/wp\/v2\/media\/1825"}],"wp:attachment":[{"href":"https:\/\/vignoblesjpgarde.wine\/en\/wp-json\/wp\/v2\/media?parent=1687"}],"wp:term":[{"taxonomy":"product_brand","embeddable":true,"href":"https:\/\/vignoblesjpgarde.wine\/en\/wp-json\/wp\/v2\/product_brand?post=1687"},{"taxonomy":"product_cat","embeddable":true,"href":"https:\/\/vignoblesjpgarde.wine\/en\/wp-json\/wp\/v2\/product_cat?post=1687"},{"taxonomy":"product_tag","embeddable":true,"href":"https:\/\/vignoblesjpgarde.wine\/en\/wp-json\/wp\/v2\/product_tag?post=1687"}],"curies":[{"name":"wp","href":"https:\/\/api.w.org\/{rel}","templated":true}]}}